{"id":385,"date":"2020-09-21T16:46:07","date_gmt":"2020-09-21T16:46:07","guid":{"rendered":"https:\/\/nydricentralparking.com\/nidri\/"},"modified":"2024-07-01T12:05:05","modified_gmt":"2024-07-01T12:05:05","slug":"nidri","status":"publish","type":"page","link":"https:\/\/nydricentralparking.com\/it\/nidri\/","title":{"rendered":"Nidri"},"content":{"rendered":"\n<h2 id=\"block-9ffffd-26\" class=\"wp-block-gutenbee-heading block-9ffffd-26\">Benvenuti a Nidri<\/h2>\n\n\n\n<div id=\"block-dac394-b7\" class=\"wp-block-gutenbee-container block-dac394-b7\"><div class=\"wp-block-gutenbee-container-inner\"><div class=\"wp-block-gutenbee-container-row wp-block-gutenbee-container-lg\">\n<div id=\"block-f08355-97\" class=\"wp-block-gutenbee-column block-f08355-97\"><style>.wp-block-gutenbee-column.block-f08355-97 { flex-basis: 50%; }\n\n\n      @media (max-width: 991px) {\n        .wp-block-gutenbee-column.block-f08355-97 { flex-basis: 100%; }\n      }\n    \n\n      @media (max-width: 575px) {\n        .wp-block-gutenbee-column.block-f08355-97 { flex-basis: 100%; }\n      }<\/style><div class=\"wp-block-gutenbee-column-content\">\n<p>Nidri si trova sulla costa orientale dell&#8217;isola, a met\u00e0 strada tra la citt\u00e0 di Lefkada e Vasiliki. \u00c8 la localit\u00e0 turistica pi\u00f9 frequentata di Lefkada.<\/p>\n\n\n\n<p>Nidri ha una bellissima spiaggia ideale per gli amanti del nuoto e degli sport acquatici, mentre c&#8217;\u00e8 una variet\u00e0 di ristoranti, bar, supermercati e negozi.<\/p>\n<\/div><\/div>\n\n\n\n<div id=\"block-567e66-ab\" class=\"wp-block-gutenbee-column block-567e66-ab\"><style>.wp-block-gutenbee-column.block-567e66-ab { flex-basis: 50%; }\n\n\n      @media (max-width: 991px) {\n        .wp-block-gutenbee-column.block-567e66-ab { flex-basis: 100%; }\n      }\n    \n\n      @media (max-width: 575px) {\n        .wp-block-gutenbee-column.block-567e66-ab { flex-basis: 100%; }\n      }<\/style><div class=\"wp-block-gutenbee-column-content\">\n<p id=\"block-578c1e-b6\" class=\"wp-block-gutenbee-paragraph block-578c1e-b6\">Proprio di fronte a Nidri puoi vedere Scorpios, l\u2019isola privata di Onasi, Madouri con l\u2019antica dimora di Valaoritis, Scorpidi, Meganisi e altre piccole isole. A Nidri troverete molte piccole imbarcazioni che vi porteranno su queste isole.<\/p>\n<\/div><\/div>\n<\/div><\/div><div class=\"wp-block-gutenbee-container-background\" data-parallax-speed=\"0.3\"><\/div><\/div>\n\n\n\n<figure class=\"wp-block-gallery has-nested-images columns-default is-cropped wp-block-gallery-1 is-layout-flex wp-block-gallery-is-layout-flex\">\n<figure class=\"wp-block-image size-full\"><a href=\"https:\/\/nydricentralparking.com\/wp-content\/uploads\/2024\/03\/nidir-lefkada-nidri-2.jpg\" data-lightbox=\"gal[385]\"><img loading=\"lazy\" decoding=\"async\" width=\"960\" height=\"960\" data-id=\"308\" src=\"https:\/\/nydricentralparking.com\/wp-content\/uploads\/2024\/03\/nidir-lefkada-nidri-2.jpg\" alt=\"\" class=\"wp-image-308\" srcset=\"https:\/\/nydricentralparking.com\/wp-content\/uploads\/2024\/03\/nidir-lefkada-nidri-2.jpg 960w, https:\/\/nydricentralparking.com\/wp-content\/uploads\/2024\/03\/nidir-lefkada-nidri-2-300x300.jpg 300w, https:\/\/nydricentralparking.com\/wp-content\/uploads\/2024\/03\/nidir-lefkada-nidri-2-150x150.jpg 150w, https:\/\/nydricentralparking.com\/wp-content\/uploads\/2024\/03\/nidir-lefkada-nidri-2-768x768.jpg 768w, https:\/\/nydricentralparking.com\/wp-content\/uploads\/2024\/03\/nidir-lefkada-nidri-2-510x510.jpg 510w, https:\/\/nydricentralparking.com\/wp-content\/uploads\/2024\/03\/nidir-lefkada-nidri-2-160x160.jpg 160w\" sizes=\"auto, (max-width: 960px) 100vw, 960px\" \/><\/a><\/figure>\n\n\n\n<figure class=\"wp-block-image size-large\"><a href=\"https:\/\/nydricentralparking.com\/wp-content\/uploads\/2024\/03\/nidir-lefkada-nidri-4.jpg\" data-lightbox=\"gal[385]\"><img loading=\"lazy\" decoding=\"async\" width=\"1024\" height=\"576\" data-id=\"307\" src=\"https:\/\/nydricentralparking.com\/wp-content\/uploads\/2024\/03\/nidir-lefkada-nidri-4-1024x576.jpg\" alt=\"\" class=\"wp-image-307\" srcset=\"https:\/\/nydricentralparking.com\/wp-content\/uploads\/2024\/03\/nidir-lefkada-nidri-4-1024x576.jpg 1024w, https:\/\/nydricentralparking.com\/wp-content\/uploads\/2024\/03\/nidir-lefkada-nidri-4-300x169.jpg 300w, https:\/\/nydricentralparking.com\/wp-content\/uploads\/2024\/03\/nidir-lefkada-nidri-4-768x432.jpg 768w, https:\/\/nydricentralparking.com\/wp-content\/uploads\/2024\/03\/nidir-lefkada-nidri-4.jpg 1280w\" sizes=\"auto, (max-width: 1024px) 100vw, 1024px\" \/><\/a><\/figure>\n\n\n\n<figure class=\"wp-block-image size-large\"><a href=\"https:\/\/nydricentralparking.com\/wp-content\/uploads\/2024\/03\/lefkada-nidri-town.jpg\" data-lightbox=\"gal[385]\"><img loading=\"lazy\" decoding=\"async\" width=\"1024\" height=\"576\" data-id=\"306\" src=\"https:\/\/nydricentralparking.com\/wp-content\/uploads\/2024\/03\/lefkada-nidri-town-1024x576.jpg\" alt=\"\" class=\"wp-image-306\" srcset=\"https:\/\/nydricentralparking.com\/wp-content\/uploads\/2024\/03\/lefkada-nidri-town-1024x576.jpg 1024w, https:\/\/nydricentralparking.com\/wp-content\/uploads\/2024\/03\/lefkada-nidri-town-300x169.jpg 300w, https:\/\/nydricentralparking.com\/wp-content\/uploads\/2024\/03\/lefkada-nidri-town-768x432.jpg 768w, https:\/\/nydricentralparking.com\/wp-content\/uploads\/2024\/03\/lefkada-nidri-town.jpg 1280w\" sizes=\"auto, (max-width: 1024px) 100vw, 1024px\" \/><\/a><\/figure>\n\n\n\n<figure class=\"wp-block-image size-large\"><a href=\"https:\/\/nydricentralparking.com\/wp-content\/uploads\/2024\/03\/nidir-lefkada-nidri-1.jpg\" data-lightbox=\"gal[385]\"><img loading=\"lazy\" decoding=\"async\" width=\"750\" height=\"500\" data-id=\"305\" src=\"https:\/\/nydricentralparking.com\/wp-content\/uploads\/2024\/03\/nidir-lefkada-nidri-1.jpg\" alt=\"\" class=\"wp-image-305\" srcset=\"https:\/\/nydricentralparking.com\/wp-content\/uploads\/2024\/03\/nidir-lefkada-nidri-1.jpg 750w, https:\/\/nydricentralparking.com\/wp-content\/uploads\/2024\/03\/nidir-lefkada-nidri-1-300x200.jpg 300w, https:\/\/nydricentralparking.com\/wp-content\/uploads\/2024\/03\/nidir-lefkada-nidri-1-615x410.jpg 615w\" sizes=\"auto, (max-width: 750px) 100vw, 750px\" \/><\/a><\/figure>\n<\/figure>\n","protected":false},"excerpt":{"rendered":"<p>Informazioni sulla nostra bellissima isola<\/p>\n","protected":false},"author":1,"featured_media":0,"parent":0,"menu_order":0,"comment_status":"closed","ping_status":"closed","template":"templates\/template-fullwidth-boxed.php","meta":{"inline_featured_image":false,"footnotes":""},"class_list":["post-385","page","type-page","status-publish","hentry"],"yoast_head":"<!-- This site is optimized with the Yoast SEO plugin v22.2 - https:\/\/yoast.com\/wordpress\/plugins\/seo\/ -->\n<title>Nidri - Nidri (Nydri) Central Parking Lefkada<\/title>\n<meta name=\"robots\" content=\"index, follow, max-snippet:-1, max-image-preview:large, max-video-preview:-1\" \/>\n<link rel=\"canonical\" href=\"https:\/\/nydricentralparking.com\/it\/nidri\/\" \/>\n<meta property=\"og:locale\" content=\"it_IT\" \/>\n<meta property=\"og:type\" content=\"article\" \/>\n<meta property=\"og:title\" content=\"Nidri - Nidri (Nydri) Central Parking Lefkada\" \/>\n<meta property=\"og:description\" content=\"Informazioni sulla nostra bellissima isola\" \/>\n<meta property=\"og:url\" content=\"https:\/\/nydricentralparking.com\/it\/nidri\/\" \/>\n<meta property=\"og:site_name\" content=\"Nidri (Nydri) Central Parking Lefkada\" \/>\n<meta property=\"article:modified_time\" content=\"2024-07-01T12:05:05+00:00\" \/>\n<meta property=\"og:image\" content=\"https:\/\/nydricentralparking.com\/wp-content\/uploads\/2024\/03\/nidir-lefkada-nidri-2.jpg\" \/>\n<meta name=\"twitter:card\" content=\"summary_large_image\" \/>\n<meta name=\"twitter:label1\" content=\"Tempo di lettura stimato\" \/>\n\t<meta name=\"twitter:data1\" content=\"2 minuti\" \/>\n<script type=\"application\/ld+json\" class=\"yoast-schema-graph\">{\"@context\":\"https:\/\/schema.org\",\"@graph\":[{\"@type\":\"WebPage\",\"@id\":\"https:\/\/nydricentralparking.com\/it\/nidri\/\",\"url\":\"https:\/\/nydricentralparking.com\/it\/nidri\/\",\"name\":\"Nidri - Nidri (Nydri) Central Parking Lefkada\",\"isPartOf\":{\"@id\":\"https:\/\/nydricentralparking.com\/#website\"},\"primaryImageOfPage\":{\"@id\":\"https:\/\/nydricentralparking.com\/it\/nidri\/#primaryimage\"},\"image\":{\"@id\":\"https:\/\/nydricentralparking.com\/it\/nidri\/#primaryimage\"},\"thumbnailUrl\":\"https:\/\/nydricentralparking.com\/wp-content\/uploads\/2024\/03\/nidir-lefkada-nidri-2.jpg\",\"datePublished\":\"2020-09-21T16:46:07+00:00\",\"dateModified\":\"2024-07-01T12:05:05+00:00\",\"breadcrumb\":{\"@id\":\"https:\/\/nydricentralparking.com\/it\/nidri\/#breadcrumb\"},\"inLanguage\":\"it-IT\",\"potentialAction\":[{\"@type\":\"ReadAction\",\"target\":[\"https:\/\/nydricentralparking.com\/it\/nidri\/\"]}]},{\"@type\":\"ImageObject\",\"inLanguage\":\"it-IT\",\"@id\":\"https:\/\/nydricentralparking.com\/it\/nidri\/#primaryimage\",\"url\":\"https:\/\/nydricentralparking.com\/wp-content\/uploads\/2024\/03\/nidir-lefkada-nidri-2.jpg\",\"contentUrl\":\"https:\/\/nydricentralparking.com\/wp-content\/uploads\/2024\/03\/nidir-lefkada-nidri-2.jpg\"},{\"@type\":\"BreadcrumbList\",\"@id\":\"https:\/\/nydricentralparking.com\/it\/nidri\/#breadcrumb\",\"itemListElement\":[{\"@type\":\"ListItem\",\"position\":1,\"name\":\"Home\",\"item\":\"https:\/\/nydricentralparking.com\/it\/\"},{\"@type\":\"ListItem\",\"position\":2,\"name\":\"Nidri\"}]},{\"@type\":\"WebSite\",\"@id\":\"https:\/\/nydricentralparking.com\/#website\",\"url\":\"https:\/\/nydricentralparking.com\/\",\"name\":\"Nidri (Nydri) Central Parking Lefkada\",\"description\":\"Nidri (Nydri) Central Parking Lefkada\",\"publisher\":{\"@id\":\"https:\/\/nydricentralparking.com\/#organization\"},\"potentialAction\":[{\"@type\":\"SearchAction\",\"target\":{\"@type\":\"EntryPoint\",\"urlTemplate\":\"https:\/\/nydricentralparking.com\/?s={search_term_string}\"},\"query-input\":\"required name=search_term_string\"}],\"inLanguage\":\"it-IT\"},{\"@type\":\"Organization\",\"@id\":\"https:\/\/nydricentralparking.com\/#organization\",\"name\":\"Nidri (Nydri) Central Parking Lefkada\",\"url\":\"https:\/\/nydricentralparking.com\/\",\"logo\":{\"@type\":\"ImageObject\",\"inLanguage\":\"it-IT\",\"@id\":\"https:\/\/nydricentralparking.com\/#\/schema\/logo\/image\/\",\"url\":\"https:\/\/nydricentralparking.com\/wp-content\/uploads\/2024\/03\/nydri-central-parking-logo.png\",\"contentUrl\":\"https:\/\/nydricentralparking.com\/wp-content\/uploads\/2024\/03\/nydri-central-parking-logo.png\",\"width\":350,\"height\":123,\"caption\":\"Nidri (Nydri) Central Parking Lefkada\"},\"image\":{\"@id\":\"https:\/\/nydricentralparking.com\/#\/schema\/logo\/image\/\"}}]}<\/script>\n<!-- \/ Yoast SEO plugin. -->","yoast_head_json":{"title":"Nidri - Nidri (Nydri) Central Parking Lefkada","robots":{"index":"index","follow":"follow","max-snippet":"max-snippet:-1","max-image-preview":"max-image-preview:large","max-video-preview":"max-video-preview:-1"},"canonical":"https:\/\/nydricentralparking.com\/it\/nidri\/","og_locale":"it_IT","og_type":"article","og_title":"Nidri - Nidri (Nydri) Central Parking Lefkada","og_description":"Informazioni sulla nostra bellissima isola","og_url":"https:\/\/nydricentralparking.com\/it\/nidri\/","og_site_name":"Nidri (Nydri) Central Parking Lefkada","article_modified_time":"2024-07-01T12:05:05+00:00","og_image":[{"url":"https:\/\/nydricentralparking.com\/wp-content\/uploads\/2024\/03\/nidir-lefkada-nidri-2.jpg"}],"twitter_card":"summary_large_image","twitter_misc":{"Tempo di lettura stimato":"2 minuti"},"schema":{"@context":"https:\/\/schema.org","@graph":[{"@type":"WebPage","@id":"https:\/\/nydricentralparking.com\/it\/nidri\/","url":"https:\/\/nydricentralparking.com\/it\/nidri\/","name":"Nidri - Nidri (Nydri) Central Parking Lefkada","isPartOf":{"@id":"https:\/\/nydricentralparking.com\/#website"},"primaryImageOfPage":{"@id":"https:\/\/nydricentralparking.com\/it\/nidri\/#primaryimage"},"image":{"@id":"https:\/\/nydricentralparking.com\/it\/nidri\/#primaryimage"},"thumbnailUrl":"https:\/\/nydricentralparking.com\/wp-content\/uploads\/2024\/03\/nidir-lefkada-nidri-2.jpg","datePublished":"2020-09-21T16:46:07+00:00","dateModified":"2024-07-01T12:05:05+00:00","breadcrumb":{"@id":"https:\/\/nydricentralparking.com\/it\/nidri\/#breadcrumb"},"inLanguage":"it-IT","potentialAction":[{"@type":"ReadAction","target":["https:\/\/nydricentralparking.com\/it\/nidri\/"]}]},{"@type":"ImageObject","inLanguage":"it-IT","@id":"https:\/\/nydricentralparking.com\/it\/nidri\/#primaryimage","url":"https:\/\/nydricentralparking.com\/wp-content\/uploads\/2024\/03\/nidir-lefkada-nidri-2.jpg","contentUrl":"https:\/\/nydricentralparking.com\/wp-content\/uploads\/2024\/03\/nidir-lefkada-nidri-2.jpg"},{"@type":"BreadcrumbList","@id":"https:\/\/nydricentralparking.com\/it\/nidri\/#breadcrumb","itemListElement":[{"@type":"ListItem","position":1,"name":"Home","item":"https:\/\/nydricentralparking.com\/it\/"},{"@type":"ListItem","position":2,"name":"Nidri"}]},{"@type":"WebSite","@id":"https:\/\/nydricentralparking.com\/#website","url":"https:\/\/nydricentralparking.com\/","name":"Nidri (Nydri) Central Parking Lefkada","description":"Nidri (Nydri) Central Parking Lefkada","publisher":{"@id":"https:\/\/nydricentralparking.com\/#organization"},"potentialAction":[{"@type":"SearchAction","target":{"@type":"EntryPoint","urlTemplate":"https:\/\/nydricentralparking.com\/?s={search_term_string}"},"query-input":"required name=search_term_string"}],"inLanguage":"it-IT"},{"@type":"Organization","@id":"https:\/\/nydricentralparking.com\/#organization","name":"Nidri (Nydri) Central Parking Lefkada","url":"https:\/\/nydricentralparking.com\/","logo":{"@type":"ImageObject","inLanguage":"it-IT","@id":"https:\/\/nydricentralparking.com\/#\/schema\/logo\/image\/","url":"https:\/\/nydricentralparking.com\/wp-content\/uploads\/2024\/03\/nydri-central-parking-logo.png","contentUrl":"https:\/\/nydricentralparking.com\/wp-content\/uploads\/2024\/03\/nydri-central-parking-logo.png","width":350,"height":123,"caption":"Nidri (Nydri) Central Parking Lefkada"},"image":{"@id":"https:\/\/nydricentralparking.com\/#\/schema\/logo\/image\/"}}]}},"_links":{"self":[{"href":"https:\/\/nydricentralparking.com\/it\/wp-json\/wp\/v2\/pages\/385","targetHints":{"allow":["GET"]}}],"collection":[{"href":"https:\/\/nydricentralparking.com\/it\/wp-json\/wp\/v2\/pages"}],"about":[{"href":"https:\/\/nydricentralparking.com\/it\/wp-json\/wp\/v2\/types\/page"}],"author":[{"embeddable":true,"href":"https:\/\/nydricentralparking.com\/it\/wp-json\/wp\/v2\/users\/1"}],"replies":[{"embeddable":true,"href":"https:\/\/nydricentralparking.com\/it\/wp-json\/wp\/v2\/comments?post=385"}],"version-history":[{"count":2,"href":"https:\/\/nydricentralparking.com\/it\/wp-json\/wp\/v2\/pages\/385\/revisions"}],"predecessor-version":[{"id":387,"href":"https:\/\/nydricentralparking.com\/it\/wp-json\/wp\/v2\/pages\/385\/revisions\/387"}],"wp:attachment":[{"href":"https:\/\/nydricentralparking.com\/it\/wp-json\/wp\/v2\/media?parent=385"}],"curies":[{"name":"wp","href":"https:\/\/api.w.org\/{rel}","templated":true}]}}